{"id":231552,"date":"2020-06-27T14:24:27","date_gmt":"2020-06-27T12:24:27","guid":{"rendered":"http:\/\/leansixsigmaprzykawie.pl\/?page_id=80"},"modified":"2020-06-27T14:24:27","modified_gmt":"2020-06-27T12:24:27","slug":"blog-2","status":"publish","type":"page","link":"https:\/\/zabawaztpm.pl\/index.php\/blog-2\/","title":{"rendered":"Blog"},"content":{"rendered":"","protected":true},"excerpt":{"rendered":"","protected":true},"author":1,"featured_media":0,"parent":0,"menu_order":0,"comment_status":"closed","ping_status":"closed","template":"","meta":{"footnotes":""},"class_list":["post-231552","page","type-page","status-publish","post-password-required","hentry"],"jetpack-related-posts":[{"id":29,"url":"https:\/\/zabawaztpm.pl\/index.php\/cennik\/","url_meta":{"origin":231552,"position":0},"title":"Lista szkole\u0144","author":"admin","date":"9 pa\u017adziernika 2021","format":false,"excerpt":"","rel":"","context":"Podobny wpis","block_context":{"text":"Podobny wpis","link":""},"img":{"alt_text":"","src":"","width":0,"height":0},"classes":[]},{"id":75,"url":"https:\/\/zabawaztpm.pl\/index.php\/podcasts-six-sigma\/","url_meta":{"origin":231552,"position":1},"title":"Six Sigma","author":"admin","date":"9 pa\u017adziernika 2021","format":false,"excerpt":"","rel":"","context":"Podobny wpis","block_context":{"text":"Podobny wpis","link":""},"img":{"alt_text":"","src":"","width":0,"height":0},"classes":[]},{"id":96,"url":"https:\/\/zabawaztpm.pl\/","url_meta":{"origin":231552,"position":2},"title":"Strona g\u0142\u00f3wna","author":"admin","date":"10 pa\u017adziernika 2021","format":false,"excerpt":"","rel":"","context":"Podobny wpis","block_context":{"text":"Podobny wpis","link":""},"img":{"alt_text":"","src":"","width":0,"height":0},"classes":[]},{"id":39,"url":"https:\/\/zabawaztpm.pl\/index.php\/materialy-do-pobrania\/","url_meta":{"origin":231552,"position":3},"title":"Materia\u0142y do pobrania","author":"admin","date":"9 pa\u017adziernika 2021","format":false,"excerpt":"","rel":"","context":"Podobny wpis","block_context":{"text":"Podobny wpis","link":""},"img":{"alt_text":"","src":"","width":0,"height":0},"classes":[]},{"id":47,"url":"https:\/\/zabawaztpm.pl\/index.php\/certyfikacja\/","url_meta":{"origin":231552,"position":4},"title":"Certyfikacja","author":"admin","date":"9 pa\u017adziernika 2021","format":false,"excerpt":"","rel":"","context":"Podobny wpis","block_context":{"text":"Podobny wpis","link":""},"img":{"alt_text":"","src":"","width":0,"height":0},"classes":[]},{"id":71,"url":"https:\/\/zabawaztpm.pl\/index.php\/podcast-lean\/","url_meta":{"origin":231552,"position":5},"title":"Lean","author":"admin","date":"9 pa\u017adziernika 2021","format":false,"excerpt":"","rel":"","context":"Podobny wpis","block_context":{"text":"Podobny wpis","link":""},"img":{"alt_text":"","src":"","width":0,"height":0},"classes":[]}],"jetpack_likes_enabled":true,"jetpack_sharing_enabled":true,"_links":{"self":[{"href":"https:\/\/zabawaztpm.pl\/index.php\/wp-json\/wp\/v2\/pages\/231552","targetHints":{"allow":["GET"]}}],"collection":[{"href":"https:\/\/zabawaztpm.pl\/index.php\/wp-json\/wp\/v2\/pages"}],"about":[{"href":"https:\/\/zabawaztpm.pl\/index.php\/wp-json\/wp\/v2\/types\/page"}],"author":[{"embeddable":true,"href":"https:\/\/zabawaztpm.pl\/index.php\/wp-json\/wp\/v2\/users\/1"}],"replies":[{"embeddable":true,"href":"https:\/\/zabawaztpm.pl\/index.php\/wp-json\/wp\/v2\/comments?post=231552"}],"version-history":[{"count":0,"href":"https:\/\/zabawaztpm.pl\/index.php\/wp-json\/wp\/v2\/pages\/231552\/revisions"}],"wp:attachment":[{"href":"https:\/\/zabawaztpm.pl\/index.php\/wp-json\/wp\/v2\/media?parent=231552"}],"curies":[{"name":"wp","href":"https:\/\/api.w.org\/{rel}","templated":true}]}}