{"id":39,"date":"2021-10-09T19:02:30","date_gmt":"2021-10-09T17:02:30","guid":{"rendered":"https:\/\/zabawaztpm.pl\/?page_id=39"},"modified":"2022-01-14T22:09:20","modified_gmt":"2022-01-14T21:09:20","slug":"materialy-do-pobrania","status":"publish","type":"page","link":"https:\/\/zabawaztpm.pl\/index.php\/materialy-do-pobrania\/","title":{"rendered":"Materia\u0142y do pobrania"},"content":{"rendered":"<p><div class=\"et_d4_element et_pb_section et_pb_section_0 et_pb_with_background  et_pb_css_mix_blend_mode et_section_regular et_block_section\" >\n\t\t\t\t\n\t\t\t\t\n\t\t\t\t\n\t\t\t\t\n\t\t\t\t\n\t\t\t\t\n\t\t\t\t<div class=\"et_d4_element et_pb_row et_pb_row_0  et_pb_css_mix_blend_mode et_block_row\">\n\t\t\t\t<div class=\"et_d4_element et_pb_column_4_4 et_pb_column et_pb_column_0  et_pb_css_mix_blend_mode et-last-child et_block_column\">\n\t\t\t\t\n\t\t\t\t\n\t\t\t\t\n\t\t\t\t\n\t\t\t\t<div class=\"et_pb_module et_d4_element et_pb_divider et_pb_divider_0 et_pb_space\"><div class=\"et_pb_divider_internal\"><\/div><\/div><div class=\"et_pb_module et_d4_element et_pb_text et_pb_text_0  et_pb_text_align_left et_pb_bg_layout_light\">\n\t\t\t\t\n\t\t\t\t\n\t\t\t\t\n\t\t\t\t\n\t\t\t\t\n\t\t\t<\/div><div class=\"et_pb_module et_d4_element et_pb_text et_pb_text_1  et_pb_text_align_left et_pb_bg_layout_light\">\n\t\t\t\t\n\t\t\t\t\n\t\t\t\t\n\t\t\t\t\n\t\t\t\t<div class=\"et_pb_text_inner\"><p>Materia\u0142y do pobrania<\/p><\/div>\n\t\t\t<\/div>\n\t\t\t<\/div>\n\t\t\t\t\n\t\t\t\t\n\t\t\t\t\n\t\t\t\t\n\t\t\t<\/div>\n\t\t\t\t\n\t\t\t\t\n\t\t\t<\/div><div class=\"et_d4_element et_pb_section et_pb_section_1  et_pb_css_mix_blend_mode et_section_regular et_block_section\" >\n\t\t\t\t\n\t\t\t\t\n\t\t\t\t\n\t\t\t\t\n\t\t\t\t\n\t\t\t\t\n\t\t\t\t<div class=\"et_d4_element et_pb_row et_pb_row_1  et_pb_css_mix_blend_mode et_block_row\">\n\t\t\t\t<div class=\"et_d4_element et_pb_column_4_4 et_pb_column et_pb_column_1  et_pb_css_mix_blend_mode et-last-child et_block_column\">\n\t\t\t\t\n\t\t\t\t\n\t\t\t\t\n\t\t\t\t\n\t\t\t\t<div class=\"et_pb_module et_d4_element dsm_text_divider dsm_text_divider_0\">\n\t\t\t\t\n\t\t\t\t\n\t\t\t\t\n\t\t\t\t\n\t\t\t\t\n\t\t\t\t\n\t\t\t\t<div class=\"et_pb_module_inner\">\n\t\t\t\t\t<div class=\"dsm-text-divider-wrapper dsm-text-divider-align-center et_pb_bg_layout_light\">\n\t\t\t\t\n\t\t\t\t\n\t\t\t\t<div class=\"dsm-text-divider-before dsm-divider\"><\/div>\n\t\t\t\t<h3 class=\"dsm-text-divider-header et_pb_module_header\"><span>Six Sigma<\/span><\/h3>\n\t\t\t\t<div class=\"dsm-text-divider-after dsm-divider\"><\/div>\n\t\t\t<\/div>\n\t\t\t\t<\/div>\n\t\t\t<\/div>\n\t\t\t<\/div>\n\t\t\t\t\n\t\t\t\t\n\t\t\t\t\n\t\t\t\t\n\t\t\t<\/div><div class=\"et_d4_element et_pb_row et_pb_row_2  et_pb_css_mix_blend_mode et_block_row\">\n\t\t\t\t<div class=\"et_d4_element et_pb_column_1_4 et_pb_column et_pb_column_2  et_pb_css_mix_blend_mode et_block_column\">\n\t\t\t\t\n\t\t\t\t\n\t\t\t\t\n\t\t\t\t\n\t\t\t\t<div class=\"et_pb_module et_d4_element et_pb_image et_pb_image_0\">\n\t\t\t\t\n\t\t\t\t\n\t\t\t\t\n\t\t\t\t\n\t\t\t\t<a href=\"https:\/\/zabawaztpm.pl\/wp-content\/uploads\/2022\/01\/Lista-kontrolna.pdf\"><span class=\"et_pb_image_wrap \"><img data-recalc-dims=\"1\" loading=\"lazy\" decoding=\"async\" width=\"300\" height=\"300\" src=\"https:\/\/i0.wp.com\/zabawaztpm.pl\/wp-content\/uploads\/2021\/09\/Lista-fazy-definiowania.jpg?resize=300%2C300&#038;ssl=1\" alt=\"\" title=\"Lista fazy definiowania\" srcset=\"https:\/\/i0.wp.com\/zabawaztpm.pl\/wp-content\/uploads\/2021\/09\/Lista-fazy-definiowania.jpg?w=300&ssl=1 300w, https:\/\/i0.wp.com\/zabawaztpm.pl\/wp-content\/uploads\/2021\/09\/Lista-fazy-definiowania.jpg?resize=150%2C150&ssl=1 150w\" sizes=\"(max-width: 300px) 100vw, 300px\" class=\"wp-image-231409\" \/><\/span><\/a>\n\t\t\t<\/div><div class=\"et_pb_module et_d4_element et_pb_image et_pb_image_1\">\n\t\t\t\t\n\t\t\t\t\n\t\t\t\t\n\t\t\t\t\n\t\t\t\t<a href=\"https:\/\/zabawaztpm.pl\/wp-content\/uploads\/2022\/01\/Krok-4-zespol-projektowy.xlsx\"><span class=\"et_pb_image_wrap \"><img data-recalc-dims=\"1\" loading=\"lazy\" decoding=\"async\" width=\"300\" height=\"300\" src=\"https:\/\/i0.wp.com\/zabawaztpm.pl\/wp-content\/uploads\/2021\/09\/Krok-4.png?resize=300%2C300&#038;ssl=1\" alt=\"\" title=\"Krok 4\" srcset=\"https:\/\/i0.wp.com\/zabawaztpm.pl\/wp-content\/uploads\/2021\/09\/Krok-4.png?w=300&ssl=1 300w, https:\/\/i0.wp.com\/zabawaztpm.pl\/wp-content\/uploads\/2021\/09\/Krok-4.png?resize=150%2C150&ssl=1 150w\" sizes=\"(max-width: 300px) 100vw, 300px\" class=\"wp-image-231415\" \/><\/span><\/a>\n\t\t\t<\/div>\n\t\t\t<\/div><div class=\"et_d4_element et_pb_column_1_4 et_pb_column et_pb_column_3  et_pb_css_mix_blend_mode et_block_column\">\n\t\t\t\t\n\t\t\t\t\n\t\t\t\t\n\t\t\t\t\n\t\t\t\t<div class=\"et_pb_module et_d4_element et_pb_image et_pb_image_2\">\n\t\t\t\t\n\t\t\t\t\n\t\t\t\t\n\t\t\t\t\n\t\t\t\t<a href=\"https:\/\/zabawaztpm.pl\/wp-content\/uploads\/2022\/01\/Krok-1-Karta-projektu.xlsx\"><span class=\"et_pb_image_wrap \"><img data-recalc-dims=\"1\" loading=\"lazy\" decoding=\"async\" width=\"300\" height=\"300\" src=\"https:\/\/i0.wp.com\/zabawaztpm.pl\/wp-content\/uploads\/2021\/09\/Krok-1.jpg?resize=300%2C300&#038;ssl=1\" alt=\"\" title=\"Krok 1\" srcset=\"https:\/\/i0.wp.com\/zabawaztpm.pl\/wp-content\/uploads\/2021\/09\/Krok-1.jpg?w=300&ssl=1 300w, https:\/\/i0.wp.com\/zabawaztpm.pl\/wp-content\/uploads\/2021\/09\/Krok-1.jpg?resize=150%2C150&ssl=1 150w\" sizes=\"(max-width: 300px) 100vw, 300px\" class=\"wp-image-231412\" \/><\/span><\/a>\n\t\t\t<\/div><div class=\"et_pb_module et_d4_element et_pb_image et_pb_image_3\">\n\t\t\t\t\n\t\t\t\t\n\t\t\t\t\n\t\t\t\t\n\t\t\t\t<a href=\"https:\/\/zabawaztpm.pl\/wp-content\/uploads\/2022\/01\/Krok-5-plan-projektu.xlsx\"><span class=\"et_pb_image_wrap \"><img data-recalc-dims=\"1\" loading=\"lazy\" decoding=\"async\" width=\"300\" height=\"300\" src=\"https:\/\/i0.wp.com\/zabawaztpm.pl\/wp-content\/uploads\/2021\/09\/Krok-5.jpg?resize=300%2C300&#038;ssl=1\" alt=\"\" title=\"Krok 5\" srcset=\"https:\/\/i0.wp.com\/zabawaztpm.pl\/wp-content\/uploads\/2021\/09\/Krok-5.jpg?w=300&ssl=1 300w, https:\/\/i0.wp.com\/zabawaztpm.pl\/wp-content\/uploads\/2021\/09\/Krok-5.jpg?resize=150%2C150&ssl=1 150w\" sizes=\"(max-width: 300px) 100vw, 300px\" class=\"wp-image-231416\" \/><\/span><\/a>\n\t\t\t<\/div>\n\t\t\t<\/div><div class=\"et_d4_element et_pb_column_1_4 et_pb_column et_pb_column_4  et_pb_css_mix_blend_mode et_block_column\">\n\t\t\t\t\n\t\t\t\t\n\t\t\t\t\n\t\t\t\t\n\t\t\t\t<div class=\"et_pb_module et_d4_element et_pb_image et_pb_image_4\">\n\t\t\t\t\n\t\t\t\t\n\t\t\t\t\n\t\t\t\t\n\t\t\t\t<a href=\"https:\/\/zabawaztpm.pl\/wp-content\/uploads\/2022\/01\/Krok-2-Zdefiniuj-interesariuszy.xlsx\"><span class=\"et_pb_image_wrap \"><img data-recalc-dims=\"1\" loading=\"lazy\" decoding=\"async\" width=\"300\" height=\"300\" src=\"https:\/\/i0.wp.com\/zabawaztpm.pl\/wp-content\/uploads\/2021\/09\/Krok-2.png?resize=300%2C300&#038;ssl=1\" alt=\"\" title=\"Krok 2\" srcset=\"https:\/\/i0.wp.com\/zabawaztpm.pl\/wp-content\/uploads\/2021\/09\/Krok-2.png?w=300&ssl=1 300w, https:\/\/i0.wp.com\/zabawaztpm.pl\/wp-content\/uploads\/2021\/09\/Krok-2.png?resize=150%2C150&ssl=1 150w\" sizes=\"(max-width: 300px) 100vw, 300px\" class=\"wp-image-231413\" \/><\/span><\/a>\n\t\t\t<\/div><div class=\"et_pb_module et_d4_element et_pb_image et_pb_image_5\">\n\t\t\t\t\n\t\t\t\t\n\t\t\t\t\n\t\t\t\t\n\t\t\t\t<a href=\"https:\/\/zabawaztpm.pl\/wp-content\/uploads\/2022\/01\/Faza-pomiaru.pdf\"><span class=\"et_pb_image_wrap \"><img data-recalc-dims=\"1\" loading=\"lazy\" decoding=\"async\" width=\"300\" height=\"300\" src=\"https:\/\/i0.wp.com\/zabawaztpm.pl\/wp-content\/uploads\/2021\/09\/Wprowadzenie-do-fazy-pomiaru.jpg?resize=300%2C300&#038;ssl=1\" alt=\"\" title=\"Wprowadzenie do fazy pomiaru\" srcset=\"https:\/\/i0.wp.com\/zabawaztpm.pl\/wp-content\/uploads\/2021\/09\/Wprowadzenie-do-fazy-pomiaru.jpg?w=300&ssl=1 300w, https:\/\/i0.wp.com\/zabawaztpm.pl\/wp-content\/uploads\/2021\/09\/Wprowadzenie-do-fazy-pomiaru.jpg?resize=150%2C150&ssl=1 150w\" sizes=\"(max-width: 300px) 100vw, 300px\" class=\"wp-image-231410\" \/><\/span><\/a>\n\t\t\t<\/div>\n\t\t\t<\/div><div class=\"et_d4_element et_pb_column_1_4 et_pb_column et_pb_column_5  et_pb_css_mix_blend_mode et-last-child et_block_column\">\n\t\t\t\t\n\t\t\t\t\n\t\t\t\t\n\t\t\t\t\n\t\t\t\t<div class=\"et_pb_module et_d4_element et_pb_image et_pb_image_6\">\n\t\t\t\t\n\t\t\t\t\n\t\t\t\t\n\t\t\t\t\n\t\t\t\t<a href=\"https:\/\/zabawaztpm.pl\/wp-content\/uploads\/2022\/01\/Krok-3-Okresl-glos-klienta.xlsx\"><span class=\"et_pb_image_wrap \"><img data-recalc-dims=\"1\" loading=\"lazy\" decoding=\"async\" width=\"300\" height=\"300\" src=\"https:\/\/i0.wp.com\/zabawaztpm.pl\/wp-content\/uploads\/2021\/09\/Krok-3.png?resize=300%2C300&#038;ssl=1\" alt=\"\" title=\"Krok 3\" srcset=\"https:\/\/i0.wp.com\/zabawaztpm.pl\/wp-content\/uploads\/2021\/09\/Krok-3.png?w=300&ssl=1 300w, https:\/\/i0.wp.com\/zabawaztpm.pl\/wp-content\/uploads\/2021\/09\/Krok-3.png?resize=150%2C150&ssl=1 150w\" sizes=\"(max-width: 300px) 100vw, 300px\" class=\"wp-image-231414\" \/><\/span><\/a>\n\t\t\t<\/div>\n\t\t\t<\/div>\n\t\t\t\t\n\t\t\t\t\n\t\t\t\t\n\t\t\t\t\n\t\t\t<\/div><div class=\"et_d4_element et_pb_row et_pb_row_3  et_pb_css_mix_blend_mode et_block_row\">\n\t\t\t\t<div class=\"et_d4_element et_pb_column_4_4 et_pb_column et_pb_column_6  et_pb_css_mix_blend_mode et-last-child et_block_column\">\n\t\t\t\t\n\t\t\t\t\n\t\t\t\t\n\t\t\t\t\n\t\t\t\t<div class=\"et_pb_module et_d4_element dsm_text_divider dsm_text_divider_1\">\n\t\t\t\t\n\t\t\t\t\n\t\t\t\t\n\t\t\t\t\n\t\t\t\t\n\t\t\t\t\n\t\t\t\t<div class=\"et_pb_module_inner\">\n\t\t\t\t\t<div class=\"dsm-text-divider-wrapper dsm-text-divider-align-center et_pb_bg_layout_light\">\n\t\t\t\t\n\t\t\t\t\n\t\t\t\t<div class=\"dsm-text-divider-before dsm-divider\"><\/div>\n\t\t\t\t<h3 class=\"dsm-text-divider-header et_pb_module_header\"><span>Lean Manufacturing<\/span><\/h3>\n\t\t\t\t<div class=\"dsm-text-divider-after dsm-divider\"><\/div>\n\t\t\t<\/div>\n\t\t\t\t<\/div>\n\t\t\t<\/div>\n\t\t\t<\/div>\n\t\t\t\t\n\t\t\t\t\n\t\t\t\t\n\t\t\t\t\n\t\t\t<\/div><div class=\"et_d4_element et_pb_row et_pb_row_4  et_pb_css_mix_blend_mode et_block_row\">\n\t\t\t\t<div class=\"et_d4_element et_pb_column_1_4 et_pb_column et_pb_column_7  et_pb_css_mix_blend_mode et_block_column\">\n\t\t\t\t\n\t\t\t\t\n\t\t\t\t\n\t\t\t\t\n\t\t\t\t<div class=\"et_pb_module et_d4_element et_pb_image et_pb_image_7\">\n\t\t\t\t\n\t\t\t\t\n\t\t\t\t\n\t\t\t\t\n\t\t\t\t<a href=\"https:\/\/zabawaztpm.pl\/wp-content\/uploads\/2022\/01\/7-QM-Tools.pdf\"><span class=\"et_pb_image_wrap \"><img data-recalc-dims=\"1\" loading=\"lazy\" decoding=\"async\" width=\"300\" height=\"300\" src=\"https:\/\/i0.wp.com\/zabawaztpm.pl\/wp-content\/uploads\/2021\/09\/7qm.jpg?resize=300%2C300&#038;ssl=1\" alt=\"\" title=\"7qm\" srcset=\"https:\/\/i0.wp.com\/zabawaztpm.pl\/wp-content\/uploads\/2021\/09\/7qm.jpg?w=300&ssl=1 300w, https:\/\/i0.wp.com\/zabawaztpm.pl\/wp-content\/uploads\/2021\/09\/7qm.jpg?resize=150%2C150&ssl=1 150w\" sizes=\"(max-width: 300px) 100vw, 300px\" class=\"wp-image-231404\" \/><\/span><\/a>\n\t\t\t<\/div>\n\t\t\t<\/div><div class=\"et_d4_element et_pb_column_1_4 et_pb_column et_pb_column_8  et_pb_css_mix_blend_mode et_block_column et_pb_column_empty\">\n\t\t\t\t\n\t\t\t\t\n\t\t\t\t\n\t\t\t\t\n\t\t\t\t\n\t\t\t<\/div><div class=\"et_d4_element et_pb_column_1_4 et_pb_column et_pb_column_9  et_pb_css_mix_blend_mode et_block_column et_pb_column_empty\">\n\t\t\t\t\n\t\t\t\t\n\t\t\t\t\n\t\t\t\t\n\t\t\t\t\n\t\t\t<\/div><div class=\"et_d4_element et_pb_column_1_4 et_pb_column et_pb_column_10  et_pb_css_mix_blend_mode et-last-child et_block_column et_pb_column_empty\">\n\t\t\t\t\n\t\t\t\t\n\t\t\t\t\n\t\t\t\t\n\t\t\t\t\n\t\t\t<\/div>\n\t\t\t\t\n\t\t\t\t\n\t\t\t\t\n\t\t\t\t\n\t\t\t<\/div><div class=\"et_d4_element et_pb_row et_pb_row_5  et_pb_css_mix_blend_mode et_block_row\">\n\t\t\t\t<div class=\"et_d4_element et_pb_column_4_4 et_pb_column et_pb_column_11  et_pb_css_mix_blend_mode et-last-child et_block_column\">\n\t\t\t\t\n\t\t\t\t\n\t\t\t\t\n\t\t\t\t\n\t\t\t\t<div class=\"et_pb_module et_d4_element dsm_text_divider dsm_text_divider_2\">\n\t\t\t\t\n\t\t\t\t\n\t\t\t\t\n\t\t\t\t\n\t\t\t\t\n\t\t\t\t\n\t\t\t\t<div class=\"et_pb_module_inner\">\n\t\t\t\t\t<div class=\"dsm-text-divider-wrapper dsm-text-divider-align-center et_pb_bg_layout_light\">\n\t\t\t\t\n\t\t\t\t\n\t\t\t\t<div class=\"dsm-text-divider-before dsm-divider\"><\/div>\n\t\t\t\t<h3 class=\"dsm-text-divider-header et_pb_module_header\"><span>Total Productive Maintenance<\/span><\/h3>\n\t\t\t\t<div class=\"dsm-text-divider-after dsm-divider\"><\/div>\n\t\t\t<\/div>\n\t\t\t\t<\/div>\n\t\t\t<\/div>\n\t\t\t<\/div>\n\t\t\t\t\n\t\t\t\t\n\t\t\t\t\n\t\t\t\t\n\t\t\t<\/div><div class=\"et_d4_element et_pb_row et_pb_row_6  et_pb_css_mix_blend_mode et_block_row\">\n\t\t\t\t<div class=\"et_d4_element et_pb_column_1_4 et_pb_column et_pb_column_12  et_pb_css_mix_blend_mode et_block_column\">\n\t\t\t\t\n\t\t\t\t\n\t\t\t\t\n\t\t\t\t\n\t\t\t\t<div class=\"et_pb_module et_d4_element et_pb_image et_pb_image_8\">\n\t\t\t\t\n\t\t\t\t\n\t\t\t\t\n\t\t\t\t\n\t\t\t\t<a href=\"https:\/\/zabawaztpm.pl\/wp-content\/uploads\/2022\/01\/Gemba-Walk.pdf\"><span class=\"et_pb_image_wrap \"><img data-recalc-dims=\"1\" loading=\"lazy\" decoding=\"async\" width=\"300\" height=\"300\" src=\"https:\/\/i0.wp.com\/zabawaztpm.pl\/wp-content\/uploads\/2021\/09\/Zasady-efektywnego-spotkania.jpg?resize=300%2C300&#038;ssl=1\" alt=\"\" title=\"Zasady efektywnego spotkania\" srcset=\"https:\/\/i0.wp.com\/zabawaztpm.pl\/wp-content\/uploads\/2021\/09\/Zasady-efektywnego-spotkania.jpg?w=300&ssl=1 300w, https:\/\/i0.wp.com\/zabawaztpm.pl\/wp-content\/uploads\/2021\/09\/Zasady-efektywnego-spotkania.jpg?resize=150%2C150&ssl=1 150w\" sizes=\"(max-width: 300px) 100vw, 300px\" class=\"wp-image-231411\" \/><\/span><\/a>\n\t\t\t<\/div>\n\t\t\t<\/div><div class=\"et_d4_element et_pb_column_1_4 et_pb_column et_pb_column_13  et_pb_css_mix_blend_mode et_block_column et_pb_column_empty\">\n\t\t\t\t\n\t\t\t\t\n\t\t\t\t\n\t\t\t\t\n\t\t\t\t\n\t\t\t<\/div><div class=\"et_d4_element et_pb_column_1_4 et_pb_column et_pb_column_14  et_pb_css_mix_blend_mode et_block_column et_pb_column_empty\">\n\t\t\t\t\n\t\t\t\t\n\t\t\t\t\n\t\t\t\t\n\t\t\t\t\n\t\t\t<\/div><div class=\"et_d4_element et_pb_column_1_4 et_pb_column et_pb_column_15  et_pb_css_mix_blend_mode et-last-child et_block_column et_pb_column_empty\">\n\t\t\t\t\n\t\t\t\t\n\t\t\t\t\n\t\t\t\t\n\t\t\t\t\n\t\t\t<\/div>\n\t\t\t\t\n\t\t\t\t\n\t\t\t\t\n\t\t\t\t\n\t\t\t<\/div><div class=\"et_d4_element et_pb_row et_pb_row_7  et_pb_css_mix_blend_mode et_block_row\">\n\t\t\t\t<div class=\"et_d4_element et_pb_column_4_4 et_pb_column et_pb_column_16  et_pb_css_mix_blend_mode et-last-child et_block_column\">\n\t\t\t\t\n\t\t\t\t\n\t\t\t\t\n\t\t\t\t\n\t\t\t\t<div class=\"et_pb_button_module_wrapper et_pb_button_0_wrapper et_pb_button_alignment_center et_pb_module \">\n\t\t\t\t<a class=\"et_pb_button et_d4_element et_pb_button_0 et_animated et_pb_bg_layout_light et_block_module\" href=\"https:\/\/zabawaztpm.pl\" data-icon=\"H\">Powr\u00f3t do strony g\u0142\u00f3wnej<\/a>\n\t\t\t<\/div>\n\t\t\t<\/div>\n\t\t\t\t\n\t\t\t\t\n\t\t\t\t\n\t\t\t\t\n\t\t\t<\/div>\n\t\t\t\t\n\t\t\t\t\n\t\t\t<\/div><\/p>\n<span class=\"et_bloom_bottom_trigger\"><\/span>","protected":false},"excerpt":{"rendered":"","protected":false},"author":1,"featured_media":0,"parent":0,"menu_order":0,"comment_status":"closed","ping_status":"closed","template":"","meta":{"_et_pb_use_builder":"on","_et_pb_old_content":"","_et_gb_content_width":"","footnotes":""},"class_list":["post-39","page","type-page","status-publish","hentry"],"jetpack-related-posts":[{"id":96,"url":"https:\/\/zabawaztpm.pl\/","url_meta":{"origin":39,"position":0},"title":"Strona g\u0142\u00f3wna","author":"admin","date":"10 pa\u017adziernika 2021","format":false,"excerpt":"","rel":"","context":"Podobny wpis","block_context":{"text":"Podobny wpis","link":""},"img":{"alt_text":"","src":"","width":0,"height":0},"classes":[]},{"id":29,"url":"https:\/\/zabawaztpm.pl\/index.php\/cennik\/","url_meta":{"origin":39,"position":1},"title":"Lista szkole\u0144","author":"admin","date":"9 pa\u017adziernika 2021","format":false,"excerpt":"","rel":"","context":"Podobny wpis","block_context":{"text":"Podobny wpis","link":""},"img":{"alt_text":"","src":"","width":0,"height":0},"classes":[]},{"id":43,"url":"https:\/\/zabawaztpm.pl\/index.php\/szkolenia-video\/","url_meta":{"origin":39,"position":2},"title":"Szkolenia online","author":"admin","date":"9 pa\u017adziernika 2021","format":false,"excerpt":"","rel":"","context":"Podobny wpis","block_context":{"text":"Podobny wpis","link":""},"img":{"alt_text":"","src":"","width":0,"height":0},"classes":[]},{"id":47,"url":"https:\/\/zabawaztpm.pl\/index.php\/certyfikacja\/","url_meta":{"origin":39,"position":3},"title":"Certyfikacja","author":"admin","date":"9 pa\u017adziernika 2021","format":false,"excerpt":"","rel":"","context":"Podobny wpis","block_context":{"text":"Podobny wpis","link":""},"img":{"alt_text":"","src":"","width":0,"height":0},"classes":[]},{"id":75,"url":"https:\/\/zabawaztpm.pl\/index.php\/podcasts-six-sigma\/","url_meta":{"origin":39,"position":4},"title":"Six Sigma","author":"admin","date":"9 pa\u017adziernika 2021","format":false,"excerpt":"","rel":"","context":"Podobny wpis","block_context":{"text":"Podobny wpis","link":""},"img":{"alt_text":"","src":"","width":0,"height":0},"classes":[]},{"id":71,"url":"https:\/\/zabawaztpm.pl\/index.php\/podcast-lean\/","url_meta":{"origin":39,"position":5},"title":"Lean","author":"admin","date":"9 pa\u017adziernika 2021","format":false,"excerpt":"","rel":"","context":"Podobny wpis","block_context":{"text":"Podobny wpis","link":""},"img":{"alt_text":"","src":"","width":0,"height":0},"classes":[]}],"jetpack_likes_enabled":true,"jetpack_sharing_enabled":true,"_links":{"self":[{"href":"https:\/\/zabawaztpm.pl\/index.php\/wp-json\/wp\/v2\/pages\/39","targetHints":{"allow":["GET"]}}],"collection":[{"href":"https:\/\/zabawaztpm.pl\/index.php\/wp-json\/wp\/v2\/pages"}],"about":[{"href":"https:\/\/zabawaztpm.pl\/index.php\/wp-json\/wp\/v2\/types\/page"}],"author":[{"embeddable":true,"href":"https:\/\/zabawaztpm.pl\/index.php\/wp-json\/wp\/v2\/users\/1"}],"replies":[{"embeddable":true,"href":"https:\/\/zabawaztpm.pl\/index.php\/wp-json\/wp\/v2\/comments?post=39"}],"version-history":[{"count":11,"href":"https:\/\/zabawaztpm.pl\/index.php\/wp-json\/wp\/v2\/pages\/39\/revisions"}],"predecessor-version":[{"id":231710,"href":"https:\/\/zabawaztpm.pl\/index.php\/wp-json\/wp\/v2\/pages\/39\/revisions\/231710"}],"wp:attachment":[{"href":"https:\/\/zabawaztpm.pl\/index.php\/wp-json\/wp\/v2\/media?parent=39"}],"curies":[{"name":"wp","href":"https:\/\/api.w.org\/{rel}","templated":true}]}}