{"id":47,"date":"2021-10-09T19:04:33","date_gmt":"2021-10-09T17:04:33","guid":{"rendered":"https:\/\/zabawaztpm.pl\/?page_id=47"},"modified":"2022-05-24T08:04:30","modified_gmt":"2022-05-24T06:04:30","slug":"certyfikacja","status":"publish","type":"page","link":"https:\/\/zabawaztpm.pl\/index.php\/certyfikacja\/","title":{"rendered":"Certyfikacja"},"content":{"rendered":"<p><div class=\"et_d4_element et_pb_section et_pb_section_0 et_pb_with_background  et_pb_css_mix_blend_mode et_section_regular et_block_section\" >\n\t\t\t\t\n\t\t\t\t\n\t\t\t\t\n\t\t\t\t\n\t\t\t\t\n\t\t\t\t\n\t\t\t\t<div class=\"et_d4_element et_pb_row et_pb_row_0  et_pb_css_mix_blend_mode et_block_row\">\n\t\t\t\t<div class=\"et_d4_element et_pb_column_4_4 et_pb_column et_pb_column_0  et_pb_css_mix_blend_mode et-last-child et_block_column\">\n\t\t\t\t\n\t\t\t\t\n\t\t\t\t\n\t\t\t\t\n\t\t\t\t<div class=\"et_pb_module et_d4_element et_pb_divider et_pb_divider_0 et_pb_space\"><div class=\"et_pb_divider_internal\"><\/div><\/div><div class=\"et_pb_module et_d4_element et_pb_text et_pb_text_0  et_pb_text_align_left et_pb_bg_layout_light\">\n\t\t\t\t\n\t\t\t\t\n\t\t\t\t\n\t\t\t\t\n\t\t\t\t\n\t\t\t<\/div><div class=\"et_pb_module et_d4_element et_pb_text et_pb_text_1  et_pb_text_align_left et_pb_bg_layout_light\">\n\t\t\t\t\n\t\t\t\t\n\t\t\t\t\n\t\t\t\t\n\t\t\t\t<div class=\"et_pb_text_inner\"><p>certyfikacja<\/p><\/div>\n\t\t\t<\/div>\n\t\t\t<\/div>\n\t\t\t\t\n\t\t\t\t\n\t\t\t\t\n\t\t\t\t\n\t\t\t<\/div>\n\t\t\t\t\n\t\t\t\t\n\t\t\t<\/div><div class=\"et_d4_element et_pb_section et_pb_section_1  et_pb_css_mix_blend_mode et_section_regular et_block_section\" >\n\t\t\t\t\n\t\t\t\t\n\t\t\t\t\n\t\t\t\t\n\t\t\t\t\n\t\t\t\t\n\t\t\t\t<div class=\"et_d4_element et_pb_row et_pb_row_1  et_pb_css_mix_blend_mode et_block_row\">\n\t\t\t\t<div class=\"et_d4_element et_pb_column_4_4 et_pb_column et_pb_column_1  et_pb_css_mix_blend_mode et-last-child et_block_column\">\n\t\t\t\t\n\t\t\t\t\n\t\t\t\t\n\t\t\t\t\n\t\t\t\t<div class=\"et_pb_module et_d4_element dsm_text_divider dsm_text_divider_0\">\n\t\t\t\t\n\t\t\t\t\n\t\t\t\t\n\t\t\t\t\n\t\t\t\t\n\t\t\t\t\n\t\t\t\t<div class=\"et_pb_module_inner\">\n\t\t\t\t\t<div class=\"dsm-text-divider-wrapper dsm-text-divider-align-center et_pb_bg_layout_light\">\n\t\t\t\t\n\t\t\t\t\n\t\t\t\t<div class=\"dsm-text-divider-before dsm-divider\"><\/div>\n\t\t\t\t<h3 class=\"dsm-text-divider-header et_pb_module_header\"><span>Na czym polega certyfikacja<\/span><\/h3>\n\t\t\t\t<div class=\"dsm-text-divider-after dsm-divider\"><\/div>\n\t\t\t<\/div>\n\t\t\t\t<\/div>\n\t\t\t<\/div><div class=\"et_pb_module et_d4_element et_pb_text et_pb_text_2  et_pb_text_align_left et_pb_bg_layout_light\">\n\t\t\t\t\n\t\t\t\t\n\t\t\t\t\n\t\t\t\t\n\t\t\t\t<div class=\"et_pb_text_inner\"><p>Jednym z cel\u00f3w szkolenia jest potwierdzenie nabytych umiej\u0119tno\u015bci. Szczeg\u00f3lnie kiedy my\u015blimy o wykorzystaniu ich w rozwoju zawodowym. Z tego te\u017c powodu zach\u0119cam Ci\u0119 do dwupoziomowego procesu certyfikacji, kt\u00f3ry opiera si\u0119 na podej\u015bciu <strong>OJT \u2013 On Job Training,<\/strong><\/p><\/div>\n\t\t\t<\/div><div class=\"et_pb_module et_d4_element dsm_text_divider dsm_text_divider_1\">\n\t\t\t\t\n\t\t\t\t\n\t\t\t\t\n\t\t\t\t\n\t\t\t\t\n\t\t\t\t\n\t\t\t\t<div class=\"et_pb_module_inner\">\n\t\t\t\t\t<div class=\"dsm-text-divider-wrapper dsm-text-divider-align-center et_pb_bg_layout_light\">\n\t\t\t\t\n\t\t\t\t\n\t\t\t\t<div class=\"dsm-text-divider-before dsm-divider\"><\/div>\n\t\t\t\t<h3 class=\"dsm-text-divider-header et_pb_module_header\"><span>Certyfikat uczestnika<\/span><\/h3>\n\t\t\t\t<div class=\"dsm-text-divider-after dsm-divider\"><\/div>\n\t\t\t<\/div>\n\t\t\t\t<\/div>\n\t\t\t<\/div><div class=\"et_pb_module et_d4_element et_pb_text et_pb_text_3  et_pb_text_align_left et_pb_bg_layout_light\">\n\t\t\t\t\n\t\t\t\t\n\t\t\t\t\n\t\t\t\t\n\t\t\t\t<div class=\"et_pb_text_inner\"><p>Jest nim potwierdzenie udzia\u0142u w szkoleniu oraz realizacji \u0107wicze\u0144 szkoleniowych pod okiem trenera,<\/p><\/div>\n\t\t\t<\/div><div class=\"et_pb_module et_d4_element et_pb_image et_pb_image_0 et_animated et-waypoint\">\n\t\t\t\t\n\t\t\t\t\n\t\t\t\t\n\t\t\t\t\n\t\t\t\t<span class=\"et_pb_image_wrap \"><img data-recalc-dims=\"1\" loading=\"lazy\" decoding=\"async\" width=\"1080\" height=\"764\" src=\"https:\/\/i0.wp.com\/zabawaztpm.pl\/wp-content\/uploads\/2022\/05\/Certyfikat.png?resize=1080%2C764&#038;ssl=1\" alt=\"\" title=\"Certyfikat\" srcset=\"https:\/\/i0.wp.com\/zabawaztpm.pl\/wp-content\/uploads\/2022\/05\/Certyfikat.png?w=2000&ssl=1 2000w, https:\/\/i0.wp.com\/zabawaztpm.pl\/wp-content\/uploads\/2022\/05\/Certyfikat.png?resize=300%2C212&ssl=1 300w, https:\/\/i0.wp.com\/zabawaztpm.pl\/wp-content\/uploads\/2022\/05\/Certyfikat.png?resize=1024%2C724&ssl=1 1024w, https:\/\/i0.wp.com\/zabawaztpm.pl\/wp-content\/uploads\/2022\/05\/Certyfikat.png?resize=768%2C543&ssl=1 768w, https:\/\/i0.wp.com\/zabawaztpm.pl\/wp-content\/uploads\/2022\/05\/Certyfikat.png?resize=1536%2C1086&ssl=1 1536w, https:\/\/i0.wp.com\/zabawaztpm.pl\/wp-content\/uploads\/2022\/05\/Certyfikat.png?resize=610%2C431&ssl=1 610w, https:\/\/i0.wp.com\/zabawaztpm.pl\/wp-content\/uploads\/2022\/05\/Certyfikat.png?resize=400%2C284&ssl=1 400w, https:\/\/i0.wp.com\/zabawaztpm.pl\/wp-content\/uploads\/2022\/05\/Certyfikat.png?resize=1080%2C764&ssl=1 1080w, https:\/\/i0.wp.com\/zabawaztpm.pl\/wp-content\/uploads\/2022\/05\/Certyfikat.png?resize=1280%2C905&ssl=1 1280w, https:\/\/i0.wp.com\/zabawaztpm.pl\/wp-content\/uploads\/2022\/05\/Certyfikat.png?resize=980%2C693&ssl=1 980w, https:\/\/i0.wp.com\/zabawaztpm.pl\/wp-content\/uploads\/2022\/05\/Certyfikat.png?resize=480%2C339&ssl=1 480w\" sizes=\"(max-width: 1080px) 100vw, 1080px\" class=\"wp-image-231744\" \/><\/span>\n\t\t\t<\/div><div class=\"et_pb_module et_d4_element dsm_text_divider dsm_text_divider_2\">\n\t\t\t\t\n\t\t\t\t\n\t\t\t\t\n\t\t\t\t\n\t\t\t\t\n\t\t\t\t\n\t\t\t\t<div class=\"et_pb_module_inner\">\n\t\t\t\t\t<div class=\"dsm-text-divider-wrapper dsm-text-divider-align-center et_pb_bg_layout_light\">\n\t\t\t\t\n\t\t\t\t\n\t\t\t\t<div class=\"dsm-text-divider-before dsm-divider\"><\/div>\n\t\t\t\t<h3 class=\"dsm-text-divider-header et_pb_module_header\"><span>Certyfikat praktyka<\/span><\/h3>\n\t\t\t\t<div class=\"dsm-text-divider-after dsm-divider\"><\/div>\n\t\t\t<\/div>\n\t\t\t\t<\/div>\n\t\t\t<\/div><div class=\"et_pb_module et_d4_element et_pb_text et_pb_text_4  et_pb_text_align_left et_pb_bg_layout_light\">\n\t\t\t\t\n\t\t\t\t\n\t\t\t\t\n\t\t\t\t\n\t\t\t\t<div class=\"et_pb_text_inner\"><p>Potwierdza praktyczne u\u017cycie nabytych umiej\u0119tno\u015bci w projekcie biznesowym oraz dog\u0142\u0119bne rozumienie metody zweryfikowane poprzez egzamin praktyczny oraz wymian\u0119 do\u015bwiadczenia.<\/p><\/div>\n\t\t\t<\/div><div class=\"et_pb_module et_d4_element et_pb_image et_pb_image_1 et_animated et-waypoint\">\n\t\t\t\t\n\t\t\t\t\n\t\t\t\t\n\t\t\t\t\n\t\t\t\t<span class=\"et_pb_image_wrap \"><img data-recalc-dims=\"1\" loading=\"lazy\" decoding=\"async\" width=\"1080\" height=\"764\" src=\"https:\/\/i0.wp.com\/zabawaztpm.pl\/wp-content\/uploads\/2022\/05\/1.png?resize=1080%2C764&#038;ssl=1\" alt=\"\" title=\"1\" srcset=\"https:\/\/i0.wp.com\/zabawaztpm.pl\/wp-content\/uploads\/2022\/05\/1.png?w=2000&ssl=1 2000w, https:\/\/i0.wp.com\/zabawaztpm.pl\/wp-content\/uploads\/2022\/05\/1.png?resize=300%2C212&ssl=1 300w, https:\/\/i0.wp.com\/zabawaztpm.pl\/wp-content\/uploads\/2022\/05\/1.png?resize=1024%2C724&ssl=1 1024w, https:\/\/i0.wp.com\/zabawaztpm.pl\/wp-content\/uploads\/2022\/05\/1.png?resize=768%2C543&ssl=1 768w, https:\/\/i0.wp.com\/zabawaztpm.pl\/wp-content\/uploads\/2022\/05\/1.png?resize=1536%2C1086&ssl=1 1536w, https:\/\/i0.wp.com\/zabawaztpm.pl\/wp-content\/uploads\/2022\/05\/1.png?resize=610%2C431&ssl=1 610w, https:\/\/i0.wp.com\/zabawaztpm.pl\/wp-content\/uploads\/2022\/05\/1.png?resize=400%2C284&ssl=1 400w, https:\/\/i0.wp.com\/zabawaztpm.pl\/wp-content\/uploads\/2022\/05\/1.png?resize=1080%2C764&ssl=1 1080w, https:\/\/i0.wp.com\/zabawaztpm.pl\/wp-content\/uploads\/2022\/05\/1.png?resize=1280%2C905&ssl=1 1280w, https:\/\/i0.wp.com\/zabawaztpm.pl\/wp-content\/uploads\/2022\/05\/1.png?resize=980%2C693&ssl=1 980w, https:\/\/i0.wp.com\/zabawaztpm.pl\/wp-content\/uploads\/2022\/05\/1.png?resize=480%2C339&ssl=1 480w\" sizes=\"(max-width: 1080px) 100vw, 1080px\" class=\"wp-image-231745\" \/><\/span>\n\t\t\t<\/div><div class=\"et_pb_module et_d4_element dsm_text_divider dsm_text_divider_3\">\n\t\t\t\t\n\t\t\t\t\n\t\t\t\t\n\t\t\t\t\n\t\t\t\t\n\t\t\t\t\n\t\t\t\t<div class=\"et_pb_module_inner\">\n\t\t\t\t\t<div class=\"dsm-text-divider-wrapper dsm-text-divider-align-center et_pb_bg_layout_light\">\n\t\t\t\t\n\t\t\t\t\n\t\t\t\t<div class=\"dsm-text-divider-before dsm-divider\"><\/div>\n\t\t\t\t<h3 class=\"dsm-text-divider-header et_pb_module_header\"><span>Rozwijaj swoje umiej\u0119tno\u015bci<\/span><\/h3>\n\t\t\t\t<div class=\"dsm-text-divider-after dsm-divider\"><\/div>\n\t\t\t<\/div>\n\t\t\t\t<\/div>\n\t\t\t<\/div><div class=\"et_pb_module et_d4_element et_pb_text et_pb_text_5  et_pb_text_align_left et_pb_bg_layout_light\">\n\t\t\t\t\n\t\t\t\t\n\t\t\t\t\n\t\t\t\t\n\t\t\t\t<div class=\"et_pb_text_inner\"><p>Zach\u0119cam Was do ustrukturyzowanego procesu nabywania nowych umiej\u0119tno\u015bci i \u017cycz\u0119 owocnej podr\u00f3\u017cy rozwoju umiej\u0119tno\u015bci Lean &amp; Six Sigma,<\/p><\/div>\n\t\t\t<\/div><div class=\"et_pb_module et_d4_element et_pb_image et_pb_image_2 et_animated et-waypoint\">\n\t\t\t\t\n\t\t\t\t\n\t\t\t\t\n\t\t\t\t\n\t\t\t\t<span class=\"et_pb_image_wrap \"><img data-recalc-dims=\"1\" loading=\"lazy\" decoding=\"async\" width=\"1080\" height=\"764\" src=\"https:\/\/i0.wp.com\/zabawaztpm.pl\/wp-content\/uploads\/2022\/05\/Projekt-bez-tytulu-2.jpg?resize=1080%2C764&#038;ssl=1\" alt=\"\" title=\"Certyfikat\" srcset=\"https:\/\/i0.wp.com\/zabawaztpm.pl\/wp-content\/uploads\/2022\/05\/Projekt-bez-tytulu-2.jpg?w=2000&ssl=1 2000w, https:\/\/i0.wp.com\/zabawaztpm.pl\/wp-content\/uploads\/2022\/05\/Projekt-bez-tytulu-2.jpg?resize=300%2C212&ssl=1 300w, https:\/\/i0.wp.com\/zabawaztpm.pl\/wp-content\/uploads\/2022\/05\/Projekt-bez-tytulu-2.jpg?resize=1024%2C724&ssl=1 1024w, https:\/\/i0.wp.com\/zabawaztpm.pl\/wp-content\/uploads\/2022\/05\/Projekt-bez-tytulu-2.jpg?resize=768%2C543&ssl=1 768w, https:\/\/i0.wp.com\/zabawaztpm.pl\/wp-content\/uploads\/2022\/05\/Projekt-bez-tytulu-2.jpg?resize=1536%2C1086&ssl=1 1536w, https:\/\/i0.wp.com\/zabawaztpm.pl\/wp-content\/uploads\/2022\/05\/Projekt-bez-tytulu-2.jpg?resize=610%2C431&ssl=1 610w, https:\/\/i0.wp.com\/zabawaztpm.pl\/wp-content\/uploads\/2022\/05\/Projekt-bez-tytulu-2.jpg?resize=400%2C284&ssl=1 400w, https:\/\/i0.wp.com\/zabawaztpm.pl\/wp-content\/uploads\/2022\/05\/Projekt-bez-tytulu-2.jpg?resize=1080%2C764&ssl=1 1080w, https:\/\/i0.wp.com\/zabawaztpm.pl\/wp-content\/uploads\/2022\/05\/Projekt-bez-tytulu-2.jpg?resize=1280%2C905&ssl=1 1280w, https:\/\/i0.wp.com\/zabawaztpm.pl\/wp-content\/uploads\/2022\/05\/Projekt-bez-tytulu-2.jpg?resize=980%2C693&ssl=1 980w, https:\/\/i0.wp.com\/zabawaztpm.pl\/wp-content\/uploads\/2022\/05\/Projekt-bez-tytulu-2.jpg?resize=480%2C339&ssl=1 480w\" sizes=\"(max-width: 1080px) 100vw, 1080px\" class=\"wp-image-231746\" \/><\/span>\n\t\t\t<\/div><div class=\"et_pb_button_module_wrapper et_pb_button_0_wrapper et_pb_button_alignment_center et_pb_module \">\n\t\t\t\t<a class=\"et_pb_button et_d4_element et_pb_button_0 et_animated et_pb_bg_layout_light et_block_module\" href=\"https:\/\/zabawaztpm.pl\" data-icon=\"H\">Powr\u00f3t do strony g\u0142\u00f3wnej<\/a>\n\t\t\t<\/div>\n\t\t\t<\/div>\n\t\t\t\t\n\t\t\t\t\n\t\t\t\t\n\t\t\t\t\n\t\t\t<\/div>\n\t\t\t\t\n\t\t\t\t\n\t\t\t<\/div><\/p>\n<span class=\"et_bloom_bottom_trigger\"><\/span>","protected":false},"excerpt":{"rendered":"","protected":false},"author":1,"featured_media":0,"parent":0,"menu_order":0,"comment_status":"closed","ping_status":"closed","template":"","meta":{"_et_pb_use_builder":"on","_et_pb_old_content":"<!-- wp:divi\/placeholder \/-->","_et_gb_content_width":"","footnotes":""},"class_list":["post-47","page","type-page","status-publish","hentry"],"jetpack-related-posts":[{"id":96,"url":"https:\/\/zabawaztpm.pl\/","url_meta":{"origin":47,"position":0},"title":"Strona g\u0142\u00f3wna","author":"admin","date":"10 pa\u017adziernika 2021","format":false,"excerpt":"","rel":"","context":"Podobny wpis","block_context":{"text":"Podobny wpis","link":""},"img":{"alt_text":"","src":"","width":0,"height":0},"classes":[]},{"id":75,"url":"https:\/\/zabawaztpm.pl\/index.php\/podcasts-six-sigma\/","url_meta":{"origin":47,"position":1},"title":"Six Sigma","author":"admin","date":"9 pa\u017adziernika 2021","format":false,"excerpt":"","rel":"","context":"Podobny wpis","block_context":{"text":"Podobny wpis","link":""},"img":{"alt_text":"","src":"","width":0,"height":0},"classes":[]},{"id":39,"url":"https:\/\/zabawaztpm.pl\/index.php\/materialy-do-pobrania\/","url_meta":{"origin":47,"position":2},"title":"Materia\u0142y do pobrania","author":"admin","date":"9 pa\u017adziernika 2021","format":false,"excerpt":"","rel":"","context":"Podobny wpis","block_context":{"text":"Podobny wpis","link":""},"img":{"alt_text":"","src":"","width":0,"height":0},"classes":[]},{"id":29,"url":"https:\/\/zabawaztpm.pl\/index.php\/cennik\/","url_meta":{"origin":47,"position":3},"title":"Lista szkole\u0144","author":"admin","date":"9 pa\u017adziernika 2021","format":false,"excerpt":"","rel":"","context":"Podobny wpis","block_context":{"text":"Podobny wpis","link":""},"img":{"alt_text":"","src":"","width":0,"height":0},"classes":[]},{"id":71,"url":"https:\/\/zabawaztpm.pl\/index.php\/podcast-lean\/","url_meta":{"origin":47,"position":4},"title":"Lean","author":"admin","date":"9 pa\u017adziernika 2021","format":false,"excerpt":"","rel":"","context":"Podobny wpis","block_context":{"text":"Podobny wpis","link":""},"img":{"alt_text":"","src":"","width":0,"height":0},"classes":[]},{"id":43,"url":"https:\/\/zabawaztpm.pl\/index.php\/szkolenia-video\/","url_meta":{"origin":47,"position":5},"title":"Szkolenia online","author":"admin","date":"9 pa\u017adziernika 2021","format":false,"excerpt":"","rel":"","context":"Podobny wpis","block_context":{"text":"Podobny wpis","link":""},"img":{"alt_text":"","src":"","width":0,"height":0},"classes":[]}],"jetpack_likes_enabled":true,"jetpack_sharing_enabled":true,"_links":{"self":[{"href":"https:\/\/zabawaztpm.pl\/index.php\/wp-json\/wp\/v2\/pages\/47","targetHints":{"allow":["GET"]}}],"collection":[{"href":"https:\/\/zabawaztpm.pl\/index.php\/wp-json\/wp\/v2\/pages"}],"about":[{"href":"https:\/\/zabawaztpm.pl\/index.php\/wp-json\/wp\/v2\/types\/page"}],"author":[{"embeddable":true,"href":"https:\/\/zabawaztpm.pl\/index.php\/wp-json\/wp\/v2\/users\/1"}],"replies":[{"embeddable":true,"href":"https:\/\/zabawaztpm.pl\/index.php\/wp-json\/wp\/v2\/comments?post=47"}],"version-history":[{"count":6,"href":"https:\/\/zabawaztpm.pl\/index.php\/wp-json\/wp\/v2\/pages\/47\/revisions"}],"predecessor-version":[{"id":231749,"href":"https:\/\/zabawaztpm.pl\/index.php\/wp-json\/wp\/v2\/pages\/47\/revisions\/231749"}],"wp:attachment":[{"href":"https:\/\/zabawaztpm.pl\/index.php\/wp-json\/wp\/v2\/media?parent=47"}],"curies":[{"name":"wp","href":"https:\/\/api.w.org\/{rel}","templated":true}]}}